{"id":2727,"date":"2020-02-04T13:27:18","date_gmt":"2020-02-04T11:27:18","guid":{"rendered":"http:\/\/www.aeiprogetti.com\/?page_id=2727"},"modified":"2022-10-05T18:10:31","modified_gmt":"2022-10-05T16:10:31","slug":"privacy","status":"publish","type":"page","link":"https:\/\/www.aeiprogetti.com\/en\/privacy\/","title":{"rendered":"Privacy"},"content":{"rendered":"<p>[vc_row][vc_column][vc_empty_space height=&#8221;100px&#8221;][\/vc_column][\/vc_row][vc_row el_class=&#8221;container&#8221;][vc_column][vc_column_text css_animation=&#8221;fadeIn&#8221;]<\/p>\n<div class=\"container\"><strong class=\"section-subtitle\">Privacy<\/strong><\/div>\n<p>[\/vc_column_text][vc_column_text]<b>1. Chi \u00e8 il titolare del trattamento dei dati?<\/b><br \/>\naei progetti SRL con sede legale a Firenze, Via Bolognese, 48 \u2013 50139 Firenze (di seguito nel testo &#8220;aei progetti&#8221;) \u00e8 titolare del trattamento dei Suoi dati personali secondo l&#8217;accezione del GDPR e del Codice.<\/p>\n<p>&nbsp;<\/p>\n<p><b>2. Quali dati personali vengono da noi trattati e per quali finalit\u00e0?<\/b><br \/>\naei progetti tratter\u00e0 i dati da Lei forniti o raccolti presso terzi, pervenuti attraverso pubblici registri, elenchi o documenti conoscibili da chiunque nei limiti e modi stabiliti sulla loro conoscibilit\u00e0; i Dati potrebbero in via esemplificativa essere: il Suo nome e cognome, i Suoi recapiti (compresi indirizzo, numero di telefono e casella di posta elettronica), professione, data e luogo di nascita, codice fiscale. Le operazioni di trattamento relative a tali dati sono finalizzate alla corretta e completa esecuzione dell\u2019incarico professionale ricevuto, alla prestazione dei servizi richiesti, a finalit\u00e0 statistiche, nonch\u00e9 ai fini degli adempimenti previsti delle norme di legge, civilistiche e fiscali; la mancata comunicazione di tali dati pu\u00f2 comportare l\u2019impossibilit\u00e0 di concludere il Contratto e\/o fornire da parte di aei progetti i relativi servizi e prodotti.<\/p>\n<p><strong>Cookies utilizzati a fini tecnici e di analisi aggregata delle visite al sito web<\/strong><\/p>\n<p>aei progetti si avvale di strumenti di analisi aggregata dei dati di navigazione che consentono di migliorare i siti web. In particolare, Google Analytics, sistema messo a disposizione da Google Inc., utilizza dei cookies che vengono depositati sul computer dell\u2019utente allo scopo di consentire al gestore dei siti web di analizzare come gli utenti utilizzano il sito stesso. Le informazioni generate dal cookie sull&#8217;utilizzo dei siti da parte dell\u2019utente verranno trasmesse a, e depositate presso i server di Google negli Stati Uniti. Google utilizzer\u00e0 queste informazioni allo scopo di tracciare e esaminare l\u2019utilizzo dei siti web da parte dell\u2019utente, compilare report sulle attivit\u00e0 dei siti web e fornire altri servizi relativi alle attivit\u00e0 degli stessi.<\/p>\n<p>&nbsp;<\/p>\n<p><b>3. Su quali basi giuridiche e in base a quali norme tratteremo i suoi dati?<\/b><br \/>\nTratteremo i suoi Dati esclusivamente laddove consentito dalle disposizioni di legge applicabili. Nello specifico, tratteremo i Suoi Dati sulla base degli artt. 6 e 9 GDPR e sulla base del consenso ai sensi dell&#8217;art. 7 GDPR.<\/p>\n<p>&nbsp;<\/p>\n<p><b>4. Come verranno trattati i suoi dati?<\/b><br \/>\naei progetti si riserva di svolgere parte o tutte le attivit\u00e0 connesse ai singoli trattamenti con l\u2019ausilio di strumenti elettronici o comunque automatizzati. aei progetti precisa che il trattamento \u00e8 effettuato per mezzo delle operazioni o complesso di operazioni indicate all\u2019art 4 comma 1 lett. a) del D.Lgs. 196\/2003: raccolta, registrazione, organizzazione, conservazione, consultazione, elaborazione, modificazione, selezione, estrazione, raffronto, utilizzo, interconnessione, blocco, comunicazione, cancellazione e distruzione dei dati.<\/p>\n<p>&nbsp;<\/p>\n<p><b>5. Per quanto tempo tratteremo i Suoi dati?<\/b><br \/>\naei progetti tratter\u00e0 i Suoi dati il tempo necessario per adempiere alle finalit\u00e0 di cui al punto 2. Oltre a questo termine tratterr\u00e0 nel proprio sistema informativo, accertandosi che non permangano presso soggetti terzi, con accessi protetti alcuni dati utili al tracciamento del proprio percorso storico e di produzione valutando di volta in volta l\u2019opportunit\u00e0 di anonimizzare i dati.<\/p>\n<p>&nbsp;<\/p>\n<p><b>6. Con chi verranno condivisi i Suoi dati?<\/b><br \/>\nI Suoi dati potranno essere comunicati a collaboratori esterni e, in genere, a tutti quei soggetti cui la comunicazione sia opportuna per il corretto adempimento delle finalit\u00e0 indicate nel punto 2. aei progetti nominer\u00e0 tutti i soggetti suddetti laddove necessario come Responsabili del Trattamento o gli stessi agiranno come autonomi titolari nel rispetto della vigente normativa, nel caso in cui sussistano le relative condizioni. I dati, nello svolgimento delle attivit\u00e0 di cui al punto 2, possono essere trasferiti verso Paesi dell\u2019Unione Europea e verso i Paesi terzi la cui protezione dei dati \u00e8 considerata adeguata dalla commissione Ue.<\/p>\n<p>&nbsp;<\/p>\n<p><b>7. I Suoi diritti<\/b><br \/>\nIn ogni momento Lei avr\u00e0 diritto di ottenere senza ritardo: La conferma dell\u2019esistenza o meno di dati che La riguardano, anche se non ancora registrati, e la comunicazione in forma intelligibile dei medesimi dati; Informazioni circa l\u2019origine dei dati, la finalit\u00e0 e le modalit\u00e0 del trattamento; Gli estremi identificativi del titolare e dei soggetti cui i dati possono essere comunicati; L\u2019aggiornamento, la rettifica e l\u2019integrazione dei dati, la limitazione del trattamento, la cancellazione, la trasformazione in forma anonima o il blocco dei dati trattati in violazione della legge; Di poter conferire delega per l\u2019esercizio di tali diritti a persone fisiche o ad associazioni; Di opporsi, in tutto o in parte, per motivi legittimi, al trattamento dei dati che La riguardano, ancorch\u00e9 pertinenti allo scopo della raccolta. Ha il diritto di proporre reclamo a un\u2019autorit\u00e0 di controllo.<\/p>\n<p>&nbsp;<\/p>\n<p><b>8. Come esercitare i Suoi diritti<\/b><br \/>\nPotr\u00e0 esercitare i Suoi diritti inviando una raccomandata a\/r all\u2019indirizzo della sede legale: Via Bolognese, 48 \u2013 50139 Firenze; o inviando un messaggio di posta elettronica certificata all\u2019indirizzo: mail@pec.aeiprogetti.it. L\u2019elenco aggiornato dei soggetti coinvolti nel trattamento \u00e8 custodito presso la sede amministrativa del Titolare.[\/vc_column_text][\/vc_column][\/vc_row]<\/p>\n","protected":false},"excerpt":{"rendered":"<p>[vc_column_text]1. Chi \u00e8 il titolare del trattamento dei dati? aei progetti SRL con sede legale a Firenze, Via Bolognese, 48 \u2013 50139 Firenze (di seguito nel testo &#8220;aei progetti&#8221;) \u00e8 titolare del trattamento dei Suoi dati personali secondo l&#8217;accezione del GDPR e del Codice. &nbsp; 2. Quali dati personali vengono [&hellip;]<\/p>\n","protected":false},"author":1,"featured_media":0,"parent":0,"menu_order":0,"comment_status":"closed","ping_status":"closed","template":"template-contacts.php","meta":{"inline_featured_image":false,"_monsterinsights_skip_tracking":false,"_monsterinsights_sitenote_active":false,"_monsterinsights_sitenote_note":"","_monsterinsights_sitenote_category":0,"footnotes":""},"_links":{"self":[{"href":"https:\/\/www.aeiprogetti.com\/en\/wp-json\/wp\/v2\/pages\/2727"}],"collection":[{"href":"https:\/\/www.aeiprogetti.com\/en\/wp-json\/wp\/v2\/pages"}],"about":[{"href":"https:\/\/www.aeiprogetti.com\/en\/wp-json\/wp\/v2\/types\/page"}],"author":[{"embeddable":true,"href":"https:\/\/www.aeiprogetti.com\/en\/wp-json\/wp\/v2\/users\/1"}],"replies":[{"embeddable":true,"href":"https:\/\/www.aeiprogetti.com\/en\/wp-json\/wp\/v2\/comments?post=2727"}],"version-history":[{"count":9,"href":"https:\/\/www.aeiprogetti.com\/en\/wp-json\/wp\/v2\/pages\/2727\/revisions"}],"predecessor-version":[{"id":3020,"href":"https:\/\/www.aeiprogetti.com\/en\/wp-json\/wp\/v2\/pages\/2727\/revisions\/3020"}],"wp:attachment":[{"href":"https:\/\/www.aeiprogetti.com\/en\/wp-json\/wp\/v2\/media?parent=2727"}],"curies":[{"name":"wp","href":"https:\/\/api.w.org\/{rel}","templated":true}]}}